{"id":57,"date":"2019-08-27T13:53:54","date_gmt":"2019-08-27T13:53:54","guid":{"rendered":"http:\/\/annem.annemuenzel.de\/?page_id=57"},"modified":"2019-09-25T08:19:32","modified_gmt":"2019-09-25T08:19:32","slug":"datenschutz","status":"publish","type":"page","link":"http:\/\/annemuenzel.de\/?page_id=57","title":{"rendered":"Datenschutz"},"content":{"rendered":"\n<h2 class=\"wp-block-heading\">Datenschutzerkl\u00e4rung<\/h2>\n\n\n\n<p>Wir freuen uns \u00fcber Ihren Besuch auf unserer Webseite und danken f\u00fcr Ihr Interesse an unserem Unternehmen.<\/p>\n\n\n\n<p>Mit der nachfolgenden Erkl\u00e4rung informieren wir Sie \u00fcber die Verarbeitung personenbezogener Daten und \u00fcber die Ihnen zustehenden Rechte bei der Nutzung unserer Online-Angebote.&nbsp;<\/p>\n\n\n\n<p>1. Definitionen<\/p>\n\n\n\n<p>Diese Datenschutzerkl\u00e4rung basiert auf der Datenschutz-Grundverordnung (DSGVO). Hier werden u. a. folgende Fachbegriffe verwendet: personenbezogene Daten, betroffene Person, Verarbeitung, Einschr\u00e4nkung der Verarbeitung, Verantwortlicher, Empf\u00e4nger, Dritter, Einwilligung, Profiling. Informationen, wie diese Begriffe i. s. d. DSGVO zu verstehen sind, erhalten Sie unter <a href=\"http:\/\/www.abmahnschutzbrief.de\/dsgvo\" target=\"_blank\" rel=\"noreferrer noopener\" aria-label=\"http:\/\/www.abmahnschutzbrief.de\/dsgvo (\u00f6ffnet in neuem Tab)\">http:\/\/www.abmahnschutzbrief.de\/dsgvo<\/a>.<\/p>\n\n\n\n<p>2. Name und Kontaktdaten des f\u00fcr die Verarbeitung Verantwortlichen<\/p>\n\n\n\n<p>Diese Datenschutzerkl\u00e4rung gilt f\u00fcr die Datenverarbeitung durch:&nbsp;<\/p>\n\n\n\n<p>Verantwortlicher: Anne M\u00fcnzel<\/p>\n\n\n\n<p>3. Erhebung und Verarbeitung personenbezogener Daten, Zweck der Verarbeitung<\/p>\n\n\n\n<p>Sie k\u00f6nnen unsere Webseite grunds\u00e4tzlich anonym besuchen, ohne uns mitzuteilen, wer Sie sind.&nbsp;<\/p>\n\n\n\n<p>Wenn Sie unsere Webseite besuchen, erheben und speichern wir automatisch in den Logfiles des Servers Informationen, die Ihr Browser an uns \u00fcbermittelt. Das sind:&nbsp;<\/p>\n\n\n\n<p>&#8211; Datum und Uhrzeit des Zugriffs<br>&#8211; IP-Adresse des anfragenden Rechners<br>&#8211; die Adresse der von Ihnen zuletzt besuchten Seite, von der aus Sie zur aktuellen Seite gefolgt sind (Referrer-URL)<br>&#8211; Browsertyp und -version<br>&#8211; das verwendete Betriebssystem<\/p>\n\n\n\n<p>Wenn Sie uns \u00fcber das Kontaktformular eine Nachricht zukommen lassen, ist die Angabe einer g\u00fcltigen Email-Adresse erforderlich, damit wir die Anfrage beantworten k\u00f6nnen und wissen, von wem sie stammt. Weitere Angaben k\u00f6nnen freiwillig get\u00e4tigt werden. Die gesetzliche Grundlage f\u00fcr die Datenverarbeitung zum Zweck der Kontaktaufnahme erfolgt nach Art. 6 Abs. 1 lit. a DSGVO. Nach Erledigung der von Ihnen gestellten Anfrage werden die Daten automatisch gel\u00f6scht.<\/p>\n\n\n\n<p>Wenn Sie sich f\u00fcr unseren Newsletter angemeldet haben, erheben, verarbeiten und nutzen wir folgende personenbezogenen Daten: Anrede, Vorname, Name, Email-Adresse. Sie k\u00f6nnen weitere freiwillige Angaben machen. Die gesetzliche Grundlage zur Datenverarbeitung im Zusammenhang mit dem Newsletterversand erfolgt nach Art. 6 Abs. 1 S. 1 lit. 1 DSGVO auf Grundlage Ihrer freiwillig erteilten Einwilligung.<\/p>\n\n\n\n<p>Wenn Sie \u00fcber unsere Webseite Bestellungen t\u00e4tigen, verarbeiten wir folgende personenbezogenen Daten: Anrede, Vorname, Nachname, Stra\u00dfe, Hausnummer, Postleitzahl, Ort. Die gesetzliche Grundlage f\u00fcr die Datenverarbeitung findet sich Art. 6 Abs. 1 S. 1 lit. b DSGVO. Die Verarbeitung Ihrer personenbezogenen Daten dient ausschlie\u00dflich dem Zweck der angemessenen Bearbeitung Ihrer Bestellung und f\u00fcr die beidseitige Erf\u00fcllung von Verpflichtungen aus dem Kaufvertrag.&nbsp;<\/p>\n\n\n\n<p>Wir verwenden Ihre personenbezogenen Daten zu folgenden Zwecken:<\/p>\n\n\n\n<p>&#8211; um Ihre Bestellung bearbeiten, erf\u00fcllen und abwickeln zu k\u00f6nnen<br>&#8211; zur Korrespondenz mit Ihnen<br>&#8211; zur Rechnungsstellung<br>&#8211; um Sie beim Bezug unseres Newsletters pers\u00f6nlich ansprechen zu k\u00f6nnen<br>&#8211; zur Abwicklung eventueller Gew\u00e4hrleistungsanspr\u00fcche<br>&#8211; um Ihnen die M\u00f6glichkeit zu geben, \u00fcber das Ausf\u00fcllen des Kontaktformulars oder per Email mit&nbsp; uns in Verbindung zu treten<\/p>\n\n\n\n<p>4. Weitergabe personenbezogener Daten<\/p>\n\n\n\n<p>Ohne Ihre ausdr\u00fcckliche Einwilligung erfolgt eine Weitergabe Ihrer Daten an Dritte nicht. Ausgenommen hiervon sind die im Rahmen der Vertragsabwicklung beteiligten Dienstleistungspartner, wie z. B. das mit der Zahlungsabwicklung beauftragte Kreditinstitut und das mit der Lieferung beauftragte Logistik-Unternehmen. Der Umfang der \u00fcbermittelten Daten beschr\u00e4nkt sich hierbei auf das erforderliche Mindestma\u00df.<\/p>\n\n\n\n<p>Bei Zahlung via PayPal, Kreditkarte via PayPal, Lastschrift via PayPal oder &#8222;Kauf auf Rechnung&#8220; via PayPal geben wir Ihre Zahlungsdaten im Rahmen der Zahlungsabwicklung an die PayPal (Europe) S.\u00e0 r.l. et Cie, S.C.A., 22-24 Boulevard Royal, L-2449 Luxembourg (im Folgenden &#8222;PayPal&#8220;), weiter. PayPal beh\u00e4lt sich f\u00fcr die Zahlungsarten Kreditkarte via PayPal, Lastschrift via PayPal oder &#8222;Kauf auf Rechnung&#8220; via PayPal die Durchf\u00fchrung einer Bonit\u00e4tsauskunft vor. Das Ergebnis der Bonit\u00e4tspr\u00fcfung in Bezug auf die statistische Zahlungsausfallwahrscheinlichkeit verwendet PayPal zum Zwecke der Entscheidung \u00fcber die Bereitstellung der jeweiligen Zahlungsart. Die Bonit\u00e4tsauskunft kann Wahrscheinlichkeitswerte enthalten (sog. Score-Werte). Soweit Score-Werte in das Ergebnis der Bonit\u00e4tsauskunft einflie\u00dfen, haben diese ihre Grundlage in einem wissenschaftlich anerkannten mathematisch-statistischen Verfahren. In die Berechnung der Score-Werte flie\u00dfen unter anderem Anschriftendaten ein. Weitere datenschutzrechtliche Informationen k\u00f6nnen Sie den PayPal Datenschutzgrunds\u00e4tzen entnehmen: https:\/\/www.paypal.com\/de\/webapps\/mpp\/ua\/privacy-full&nbsp;<\/p>\n\n\n\n<p>5. Betroffenenrechte<\/p>\n\n\n\n<p>Gem\u00e4\u00df Art. 15 DSGVO haben Sie das Recht, von uns eine Best\u00e4tigung dar\u00fcber zu verlangen, ob und falls ja welche Sie betreffende personenbezogenen Daten verarbeitet werden. Sie haben ferner das Recht auf Berichtigung oder L\u00f6schung oder auf Einschr\u00e4nkung der Verarbeitung sowie ein Widerspruchsrecht gegen die Verarbeitung sowie des Rechts auf Daten\u00fcbertragung. Einzelheiten hierzu entnehmen Sie den Art. 16, 17, 18, 20 DSGVO.&nbsp;<\/p>\n\n\n\n<p>Nach Art. 13 Abs. 2 DSGVO haben Sie das Recht, sich bei einer Aufsichtsbeh\u00f6rde zu beschweren.<\/p>\n\n\n\n<p>6. Cookies<\/p>\n\n\n\n<p>Soweit Sie Ihren Browser so eingestellt haben, dass er Cookies annimmt, werden diese von uns auf verschiedenen Seiten genutzt.&nbsp; Es handelt sich dabei um Textdateien, die auf Ihrem Endger\u00e4t gespeichert werden und den Austausch von Daten mit unserem System erm\u00f6glichen. Dieser Austausch erleichtert die Nutzung unserer Website, da bestimmte Angaben nicht st\u00e4ndig wiederholt werden m\u00fcssen.<\/p>\n\n\n\n<p><strong>Sitzungs-Cookies<\/strong>: Diese werden nach dem Ende der Browser-Sitzung wieder gel\u00f6scht.<\/p>\n\n\n\n<p><strong>Langzeitcookies<\/strong>: Diese verbleiben auf Ihrem Endger\u00e4t, damit Ihr Browser bei der n\u00e4chsten Sitzung wiedererkannt werden kann. Dadurch entf\u00e4llt eine erneute Passworteingabe oder das Ausf\u00fcllen von Formularen mit Ihren Kundendaten.<\/p>\n\n\n\n<p>Sie k\u00f6nnen an Ihrem Browser eine Einstellung vornehmen, um \u00fcber das Setzen von Cookies informiert zu werden und ggf. \u00fcber deren Annahme einzeln zu entscheiden. Die Funktionalit\u00e4t der Website kann bei Nichtannahme der Cookies eingeschr\u00e4nkt sein.<\/p>\n\n\n\n<p>7. Webanalyse<\/p>\n\n\n\n<p>Google Analytics<\/p>\n\n\n\n<p>Diese Website benutzt Google Analytics, einen Webanalysedienst der Google Inc. (\u201eGoogle\u201c). Google Analytics verwendet sog. \u201eCookies\u201c, Textdateien, die auf Ihrem Computer gespeichert werden und die eine Analyse der Benutzung der Website durch Sie erm\u00f6glichen. Die durch den Cookie erzeugten Informationen \u00fcber Ihre Benutzung dieser Website werden in der Regel an einen Server von Google in den USA \u00fcbertragen und dort gespeichert. Im Falle der Aktivierung der IP-Anonymisierung auf dieser Webseite, wird Ihre IP-Adresse von Google jedoch innerhalb von Mitgliedstaaten der Europ\u00e4ischen Union oder in anderen Vertragsstaaten des Abkommens \u00fcber den Europ\u00e4ischen Wirtschaftsraum zuvor gek\u00fcrzt. Nur in Ausnahmef\u00e4llen wird die volle IP-Adresse an einen Server von Google in den USA \u00fcbertragen und dort gek\u00fcrzt. Im Auftrag des Betreibers dieser Website wird Google diese Informationen benutzen, um Ihre Nutzung der Website auszuwerten, um Reports \u00fcber die Websiteaktivit\u00e4ten zusammenzustellen und um weitere mit der Websitenutzung und der Internetnutzung verbundene Dienstleistungen gegen\u00fcber dem Websitebetreiber zu erbringen. Die im Rahmen von Google Analytics von Ihrem Browser \u00fcbermittelte IP-Adresse wird nicht mit anderen Daten von Google zusammengef\u00fchrt. Sie k\u00f6nnen die Speicherung der Cookies durch eine entsprechende Einstellung Ihrer Browser-Software verhindern; wir weisen Sie jedoch darauf hin, dass Sie in diesem Fall gegebenenfalls nicht s\u00e4mtliche Funktionen dieser Website vollumf\u00e4nglich werden nutzen k\u00f6nnen. Sie k\u00f6nnen dar\u00fcber hinaus die Erfassung der durch das Cookie erzeugten und auf Ihre Nutzung der Website bezogenen Daten (inkl. Ihrer IP-Adresse) an Google sowie die Verarbeitung dieser Daten durch Google verhindern, indem sie das unter dem folgenden Link verf\u00fcgbare Browser-Plugin herunterladen und installieren http:\/\/tools.google.com\/dlpage\/gaoptout?hl=de&nbsp;<\/p>\n\n\n\n<p>Sie k\u00f6nnen die Erfassung durch Google Analytics verhindern, indem Sie auf folgenden Link klicken. Es wird ein Opt-Out-Cookie gesetzt, das die zuk\u00fcnftige Erfassung Ihrer Daten beim Besuch dieser Website verhindert: &lt;a href=\u201djavascript:gaOptout()\u201d&gt;Google Analytics deaktivieren&lt;\/a&gt;<\/p>\n\n\n\n<p>N\u00e4here Informationen zu Nutzungsbedingungen und Datenschutz finden Sie unter http:\/\/www.google.com\/analytics\/terms\/de.html bzw.&nbsp;https:\/\/www.google.de\/intl\/de\/policies\/.&nbsp;<\/p>\n\n\n\n<p>Wir weisen Sie darauf hin, dass auf dieser Website Google Analytics um den Code \u201eanonymizeIp\u201c erweitert wurde, um eine anonymisierte Erfassung von IP-Adressen (sog. IP-Masking) zu gew\u00e4hrleisten.<\/p>\n\n\n\n<p><strong>Google Adwords<\/strong> <br>\n<br>\nUnsere Webseite verwendet den Dienst Google AdWords zur Einbindung von Werbeanzeigen. Google AdWords verwendet Cookies um anonym Daten zu erfassen. Zu den erfassten Daten z\u00e4hlen Ereignisse im Zusammenhang mit Ihren Aktivit\u00e4ten auf unserer Webseite (z.B. die Zahl der angesehenen Seiten, die betrachteten Produkte auf der Seite, Ihre Suchanfragen auf unserer-Website).Dar\u00fcber hinaus werden unter Umst\u00e4nden Informationen, die soziodemografische Daten wie die Altersspanne umfassen k\u00f6nnen und Ereignisse in Bezug auf die Google AdWords-Adserving-Aktivit\u00e4ten wie z.B. die Zahl der Ihnen angezeigten Werbeanzeigen durch Cookies erfasst. Zu keinen Zeitpunkt erhebt Google AdWords jedoch personenbezogene Daten. Genaue Informationen zur Erhebung von Daten durch Google AdWords finden Sie auch in der Google AdWords-Datenschutzerkl\u00e4rung ( Hier klicken ). In Ihren Internetbrowser-Einstellungen haben Sie die M\u00f6glichkeit zu verhindern, dass die genannten Cookies auf Ihrem Computer abgespeichert werden. Wir weisen Sie jedoch darauf hin, dass Sie dann unter Umst\u00e4nden nicht alle Funktionen unserer Webseite voll umf\u00e4nglich nutzen k\u00f6nnen. Auf der Webseite Your Online Choices k\u00f6nnen Sie der personenbezogenen Werbung durch u.A. Google AdWords widersprechen.<\/p>\n\n\n\n<p>8. Social Media Plug-Ins<\/p>\n\n\n\n<p>9. Datenschutz und Webseiten Dritter<\/p>\n\n\n\n<p>Die Webseite kann Hyperlinks zu und von Webseiten Dritter enthalten. Wenn Sie einem Hyperlink zu einem dieser Webseiten folgen, dann beachten Sie bitten, dass wir keine Verantwortung oder Gew\u00e4hr f\u00fcr fremde Inhalte oder Datenschutzbedingungen \u00fcbernehmen.<\/p>\n\n\n\n<p>Sollten Sie Fragen bez\u00fcglich der Verarbeitung Ihrer personenbezogenen Daten durch uns haben, so k\u00f6nnen Sie sich jederzeit an uns wenden.<br><\/p>\n","protected":false},"excerpt":{"rendered":"<p>Datenschutzerkl\u00e4rung Wir freuen uns \u00fcber Ihren Besuch auf unserer Webseite und danken f\u00fcr Ihr Interesse an unserem Unternehmen. Mit der nachfolgenden Erkl\u00e4rung informieren wir Sie \u00fcber die Verarbeitung personenbezogener Daten und \u00fcber die Ihnen zustehenden Rechte bei der Nutzung unserer Online-Angebote.&nbsp; 1. Definitionen Diese Datenschutzerkl\u00e4rung basiert auf der Datenschutz-Grundverordnung (DSGVO). Hier werden u. a. folgende Fachbegriffe verwendet: personenbezogene Daten, betroffene Person, Verarbeitung, Einschr\u00e4nkung der Verarbeitung, Verantwortlicher, Empf\u00e4nger, Dritter, Einwilligung, Profiling.<\/p>\n<div class=\"read-more\"><a class=\"btn read-more-btn\" href=\"http:\/\/annemuenzel.de\/?page_id=57\">Weiterlesen<\/a><\/div>\n","protected":false},"author":1,"featured_media":0,"parent":0,"menu_order":0,"comment_status":"closed","ping_status":"closed","template":"","meta":{"_vp_format_video_url":"","_vp_image_focal_point":[]},"_links":{"self":[{"href":"http:\/\/annemuenzel.de\/index.php?rest_route=\/wp\/v2\/pages\/57"}],"collection":[{"href":"http:\/\/annemuenzel.de\/index.php?rest_route=\/wp\/v2\/pages"}],"about":[{"href":"http:\/\/annemuenzel.de\/index.php?rest_route=\/wp\/v2\/types\/page"}],"author":[{"embeddable":true,"href":"http:\/\/annemuenzel.de\/index.php?rest_route=\/wp\/v2\/users\/1"}],"replies":[{"embeddable":true,"href":"http:\/\/annemuenzel.de\/index.php?rest_route=%2Fwp%2Fv2%2Fcomments&post=57"}],"version-history":[{"count":5,"href":"http:\/\/annemuenzel.de\/index.php?rest_route=\/wp\/v2\/pages\/57\/revisions"}],"predecessor-version":[{"id":94,"href":"http:\/\/annemuenzel.de\/index.php?rest_route=\/wp\/v2\/pages\/57\/revisions\/94"}],"wp:attachment":[{"href":"http:\/\/annemuenzel.de\/index.php?rest_route=%2Fwp%2Fv2%2Fmedia&parent=57"}],"curies":[{"name":"wp","href":"https:\/\/api.w.org\/{rel}","templated":true}]}}