{"id":8,"date":"2019-08-27T13:12:49","date_gmt":"2019-08-27T13:12:49","guid":{"rendered":"http:\/\/annem.annemuenzel.de\/?page_id=8"},"modified":"2020-12-15T13:24:49","modified_gmt":"2020-12-15T13:24:49","slug":"anne-muenzel","status":"publish","type":"page","link":"http:\/\/annemuenzel.de\/","title":{"rendered":"Anne M\u00fcnzel"},"content":{"rendered":"\t\t<div data-elementor-type=\"wp-page\" data-elementor-id=\"8\" class=\"elementor elementor-8\">\n\t\t\t\t\t\t<div class=\"elementor-inner\">\n\t\t\t\t<div class=\"elementor-section-wrap\">\n\t\t\t\t\t\t\t\t\t<section class=\"elementor-section elementor-top-section elementor-element elementor-element-111df77 elementor-section-boxed elementor-section-height-default elementor-section-height-default\" data-id=\"111df77\" data-element_type=\"section\">\n\t\t\t\t\t\t<div class=\"elementor-container elementor-column-gap-wide\">\n\t\t\t\t\t\t\t<div class=\"elementor-row\">\n\t\t\t\t\t<div class=\"elementor-column elementor-col-33 elementor-top-column elementor-element elementor-element-1db3998\" data-id=\"1db3998\" data-element_type=\"column\">\n\t\t\t<div class=\"elementor-column-wrap elementor-element-populated\">\n\t\t\t\t\t\t\t<div class=\"elementor-widget-wrap\">\n\t\t\t\t\t\t<div class=\"elementor-element elementor-element-4d88819 elementor-widget elementor-widget-text-editor\" data-id=\"4d88819\" data-element_type=\"widget\" data-widget_type=\"text-editor.default\">\n\t\t\t\t<div class=\"elementor-widget-container\">\n\t\t\t\t\t\t\t\t<div class=\"elementor-text-editor elementor-clearfix\">\n\t\t\t\t<h2>\u00dcber mich<\/h2><p>1962-71<br \/>Nach Studium an der Kunstschule der Freien Hansestadt Bremen \u00dcbersiedlung nach Stuttgart. Aquarell- und Zeichenkurse,\u00a0Studienreisen.<\/p><p>1971-81<br \/>K\u00fcnstlerische Pause \u2013 Hausfrau und Mutter von 2 Kindern.<\/p><p>1981-93<br \/>Kreativer Neubeginn, Mitglied im\u00a0<a href=\"http:\/\/www.kuenstlerbund-stuttgart.de\/\" target=\"_blank\" rel=\"noreferrer noopener\">Stuttgarter K\u00fcnstlerbund<\/a>\u00a0und\u00a0aktive Mitarbeit im Vorstand.<\/p><p>1993-99<br \/>\u00dcbersiedlung f\u00fcr 3 1\/2 Jahre nach Seoul, S\u00fcd Korea und damit\u00a0k\u00fcnstlerische Auseinandersetzung mit einer anderen Kultur.<br \/>R\u00fcckkehr nach Deutschland. Mitarbeit im \u201eGro\u00dfen Arbeitskreis\u00a0Kultur\u201c der Stadt Stuttgart, 2. Vorsitzende des\u00a0<a href=\"http:\/\/www.kuenstlerbund-stuttgart.de\/\" target=\"_blank\" rel=\"noreferrer noopener\">Stuttgarter\u00a0K\u00fcnstlerbundes<\/a>,\u00a0<\/p><p>1999-05<br \/>Erneuter Auslandsaufenthalt. \u00dcbersiedlung f\u00fcr 5 1\/2 Jahre nach\u00a0Amerika \u2013 K\u00fcnstlerische und kreative Erfahrungen in der\u00a0\u201eNeuen Welt\u201c.<\/p><p>2005<br \/>R\u00fcckkehr nach Sindelfingen.<\/p>\t\t\t\t\t<\/div>\n\t\t\t\t\t\t<\/div>\n\t\t\t\t<\/div>\n\t\t\t\t\t\t<\/div>\n\t\t\t\t\t<\/div>\n\t\t<\/div>\n\t\t\t\t<div class=\"elementor-column elementor-col-66 elementor-top-column elementor-element elementor-element-ee5071d\" data-id=\"ee5071d\" data-element_type=\"column\">\n\t\t\t<div class=\"elementor-column-wrap elementor-element-populated\">\n\t\t\t\t\t\t\t<div class=\"elementor-widget-wrap\">\n\t\t\t\t\t\t<div class=\"elementor-element elementor-element-a7eae63 elementor-widget elementor-widget-image\" data-id=\"a7eae63\" data-element_type=\"widget\" data-widget_type=\"image.default\">\n\t\t\t\t<div class=\"elementor-widget-container\">\n\t\t\t\t\t\t\t\t<div class=\"elementor-image\">\n\t\t\t\t\t\t\t\t\t\t\t\t<img decoding=\"async\" width=\"640\" height=\"480\" src=\"http:\/\/annemuenzel.de\/wp-content\/uploads\/2019\/08\/Portrait-2012-P1090183_sw.jpg\" class=\"attachment-large size-large wp-image-85\" alt=\"\" loading=\"lazy\" srcset=\"http:\/\/annemuenzel.de\/wp-content\/uploads\/2019\/08\/Portrait-2012-P1090183_sw.jpg 680w, http:\/\/annemuenzel.de\/wp-content\/uploads\/2019\/08\/Portrait-2012-P1090183_sw-300x225.jpg 300w, http:\/\/annemuenzel.de\/wp-content\/uploads\/2019\/08\/Portrait-2012-P1090183_sw-500x375.jpg 500w\" sizes=\"(max-width: 640px) 100vw, 640px\" \/>\t\t\t\t\t\t\t\t\t\t\t\t\t\t<\/div>\n\t\t\t\t\t\t<\/div>\n\t\t\t\t<\/div>\n\t\t\t\t\t\t<\/div>\n\t\t\t\t\t<\/div>\n\t\t<\/div>\n\t\t\t\t\t\t\t\t<\/div>\n\t\t\t\t\t<\/div>\n\t\t<\/section>\n\t\t\t\t<section class=\"elementor-section elementor-top-section elementor-element elementor-element-44ec295 elementor-section-boxed elementor-section-height-default elementor-section-height-default\" data-id=\"44ec295\" data-element_type=\"section\">\n\t\t\t\t\t\t<div class=\"elementor-container elementor-column-gap-default\">\n\t\t\t\t\t\t\t<div class=\"elementor-row\">\n\t\t\t\t\t<div class=\"elementor-column elementor-col-100 elementor-top-column elementor-element elementor-element-06af9a2\" data-id=\"06af9a2\" data-element_type=\"column\">\n\t\t\t<div class=\"elementor-column-wrap elementor-element-populated\">\n\t\t\t\t\t\t\t<div class=\"elementor-widget-wrap\">\n\t\t\t\t\t\t<div class=\"elementor-element elementor-element-7295ac3 elementor-widget-divider--view-line elementor-widget elementor-widget-divider\" data-id=\"7295ac3\" data-element_type=\"widget\" data-widget_type=\"divider.default\">\n\t\t\t\t<div class=\"elementor-widget-container\">\n\t\t\t\t\t<div class=\"elementor-divider\">\n\t\t\t<span class=\"elementor-divider-separator\">\n\t\t\t\t\t\t<\/span>\n\t\t<\/div>\n\t\t\t\t<\/div>\n\t\t\t\t<\/div>\n\t\t\t\t\t\t<\/div>\n\t\t\t\t\t<\/div>\n\t\t<\/div>\n\t\t\t\t\t\t\t\t<\/div>\n\t\t\t\t\t<\/div>\n\t\t<\/section>\n\t\t\t\t<section class=\"elementor-section elementor-top-section elementor-element elementor-element-f7f40ed elementor-section-boxed elementor-section-height-default elementor-section-height-default\" data-id=\"f7f40ed\" data-element_type=\"section\">\n\t\t\t\t\t\t<div class=\"elementor-container elementor-column-gap-wide\">\n\t\t\t\t\t\t\t<div class=\"elementor-row\">\n\t\t\t\t\t<div class=\"elementor-column elementor-col-66 elementor-top-column elementor-element elementor-element-1ad43c7\" data-id=\"1ad43c7\" data-element_type=\"column\">\n\t\t\t<div class=\"elementor-column-wrap elementor-element-populated\">\n\t\t\t\t\t\t\t<div class=\"elementor-widget-wrap\">\n\t\t\t\t\t\t<div class=\"elementor-element elementor-element-16f7e83 elementor-widget elementor-widget-text-editor\" data-id=\"16f7e83\" data-element_type=\"widget\" data-widget_type=\"text-editor.default\">\n\t\t\t\t<div class=\"elementor-widget-container\">\n\t\t\t\t\t\t\t\t<div class=\"elementor-text-editor elementor-clearfix\">\n\t\t\t\t<h2 style=\"caret-color: #ffffff;\">Ausstellungen<\/h2><p>Seit 1984 regelm\u00e4\u00dfige Ausstellungen.<\/p><p>Wichtigste Ausstellungen in Korea:<br \/>1994 Grand Hyatt, Seoul<br \/>1995 Human Villa, Seoul<br \/>1996 Goethe Institut, Seoul<\/p><p>Wichtigste Ausstellungen in USA:<br \/>2000 Samford University, Birmingham, Alabama<br \/>2001 Aliceville Museum, Aliceville Alabama<br \/>2002 Alabama-Germany Partnership, Birmingham, Alabama<br \/>2003 The Gallery at Kentuck, Northport, Alabama<br \/>2004 Ferguson Art Gallery, University of Alabama, Tuscaloosa, Alabama<\/p><p>Wichtigste Ausstellungen nach R\u00fcckkehr aus dem Ausland:<br \/>2005 Kreissparkasse Sindelfingen, Stuttgarter K\u00fcnstlerbund<br \/>2006 Heilbronner K\u00fcnstlerbund<br \/>2007 Stuttgarter K\u00fcnstlerbund, Star CoOperation, B\u00f6blingen<br \/>2008 K\u00fcnstlergilde Buslat, Arbeitgeberverband S\u00fcdWest Metal, G\u00f6ppingen<br \/>2009 Sparkasse Nagold, K\u00fcnstlerbund Remshalden<br \/>2010 Burg Kalteneck, Holzgerlingen<br \/>2011 Sommerausstellung K\u00fcnstlerbund Stuttgart<br \/>2012 Galerie der Bildungsakademie d. Handwerkskammer Stuttgart<br \/>2015 Stuttgarter K\u00fcnstlerbund<br \/>2016 Galerie Finanzgericht Stuttgart, American Days Stuttgarter K\u00fcnstlerbund<br \/>2017 Hotel Maritim,Stuttgart, Galerie der Bildungsakademie d. Handwerkskammer Stuttgart<br \/>2018 Charlottenklinik Stuttgart,\u00a0<br \/>2019 Galerie der Stadt Herrenberg, Stuttgarter K\u00fcnstlerbund<br \/>2019 Kulturwerkstatt Deckenpfronn \u2013\u00a0Emotionen \u2013 Farbe.Form.Licht \u2013 Ausstellung mit Fritz M\u00fchlenbeck<br \/>2020 Interdisziplin\u00e4re Messe f\u00fcr\u00a0 musische und bildende K\u00fcnste in Stuttgart,\u00a0SI-Centrum Stuttgart<\/p><p>seit 2013<br \/>j\u00e4hrliche Ausstellungen im eigenen Atelier, Sindelfingen<\/p>\t\t\t\t\t<\/div>\n\t\t\t\t\t\t<\/div>\n\t\t\t\t<\/div>\n\t\t\t\t\t\t<\/div>\n\t\t\t\t\t<\/div>\n\t\t<\/div>\n\t\t\t\t<div class=\"elementor-column elementor-col-33 elementor-top-column elementor-element elementor-element-a22975f\" data-id=\"a22975f\" data-element_type=\"column\">\n\t\t\t<div class=\"elementor-column-wrap elementor-element-populated\">\n\t\t\t\t\t\t\t<div class=\"elementor-widget-wrap\">\n\t\t\t\t\t\t<div class=\"elementor-element elementor-element-6836442 elementor-widget elementor-widget-text-editor\" data-id=\"6836442\" data-element_type=\"widget\" data-widget_type=\"text-editor.default\">\n\t\t\t\t<div class=\"elementor-widget-container\">\n\t\t\t\t\t\t\t\t<div class=\"elementor-text-editor elementor-clearfix\">\n\t\t\t\t<p>In der aktuellen Situation und aufgrund der geltenden Coronabestimmungen, sind Ausstellung bedauerlicherweise \u00a0nicht durchf\u00fchrbar.<\/p><p>Wenn Sie aber an meiner Arbeit interessiert sind oder eine Ausstellung planen, wenn Sie Bilder f\u00fcr Ihre R\u00e4umlichkeiten suchen, kontaktieren Sie mich gerne.<\/p>\t\t\t\t\t<\/div>\n\t\t\t\t\t\t<\/div>\n\t\t\t\t<\/div>\n\t\t\t\t<div class=\"elementor-element elementor-element-2f89de4 elementor-widget elementor-widget-spacer\" data-id=\"2f89de4\" data-element_type=\"widget\" data-widget_type=\"spacer.default\">\n\t\t\t\t<div class=\"elementor-widget-container\">\n\t\t\t\t\t<div class=\"elementor-spacer\">\n\t\t\t<div class=\"elementor-spacer-inner\"><\/div>\n\t\t<\/div>\n\t\t\t\t<\/div>\n\t\t\t\t<\/div>\n\t\t\t\t<div class=\"elementor-element elementor-element-bb66c05 elementor-align-center elementor-widget elementor-widget-button\" data-id=\"bb66c05\" data-element_type=\"widget\" data-widget_type=\"button.default\">\n\t\t\t\t<div class=\"elementor-widget-container\">\n\t\t\t\t\t<div class=\"elementor-button-wrapper\">\n\t\t\t<a class=\"elementor-button elementor-button-link elementor-size-sm\" href=\"mailto:%20anne.muenzel@web.de\">\n\t\t\t\t\t\t<span class=\"elementor-button-content-wrapper\">\n\t\t\t\t\t\t<span class=\"elementor-button-icon elementor-align-icon-left\">\n\t\t\t\t<i aria-hidden=\"true\" class=\"far fa-envelope\"><\/i>\t\t\t<\/span>\n\t\t\t\t\t\t<span class=\"elementor-button-text\">Kontakt<\/span>\n\t\t<\/span>\n\t\t\t\t\t<\/a>\n\t\t<\/div>\n\t\t\t\t<\/div>\n\t\t\t\t<\/div>\n\t\t\t\t\t\t<\/div>\n\t\t\t\t\t<\/div>\n\t\t<\/div>\n\t\t\t\t\t\t\t\t<\/div>\n\t\t\t\t\t<\/div>\n\t\t<\/section>\n\t\t\t\t\t\t\t\t\t<\/div>\n\t\t\t<\/div>\n\t\t\t\t\t<\/div>\n\t\t","protected":false},"excerpt":{"rendered":"<p>\u00dcber mich 1962-71 Nach Studium an der Kunstschule der Freien Hansestadt Bremen \u00dcbersiedlung nach Stuttgart. Aquarell- und Zeichenkurse,&nbsp;Studienreisen. 1971-81 K\u00fcnstlerische Pause \u2013 Hausfrau und Mutter von 2 Kindern. 1981-93 Kreativer Neubeginn, Mitglied im&nbsp;Stuttgarter K\u00fcnstlerbund&nbsp;und&nbsp;aktive Mitarbeit im Vorstand. 1993-99 \u00dcbersiedlung f\u00fcr 3 1\/2 Jahre nach Seoul, S\u00fcd Korea und damit&nbsp;k\u00fcnstlerische Auseinandersetzung mit einer anderen Kultur. R\u00fcckkehr nach Deutschland. Mitarbeit im \u201eGro\u00dfen Arbeitskreis&nbsp;Kultur\u201c der Stadt Stuttgart, 2. Vorsitzende des&nbsp;Stuttgarter&nbsp;K\u00fcnstlerbundes,&nbsp; 1999-05 Erneuter Auslandsaufenthalt.<\/p>\n<div class=\"read-more\"><a class=\"btn read-more-btn\" href=\"http:\/\/annemuenzel.de\/\">Weiterlesen<\/a><\/div>\n","protected":false},"author":1,"featured_media":0,"parent":0,"menu_order":0,"comment_status":"closed","ping_status":"closed","template":"","meta":{"_vp_format_video_url":"","_vp_image_focal_point":[]},"_links":{"self":[{"href":"http:\/\/annemuenzel.de\/index.php?rest_route=\/wp\/v2\/pages\/8"}],"collection":[{"href":"http:\/\/annemuenzel.de\/index.php?rest_route=\/wp\/v2\/pages"}],"about":[{"href":"http:\/\/annemuenzel.de\/index.php?rest_route=\/wp\/v2\/types\/page"}],"author":[{"embeddable":true,"href":"http:\/\/annemuenzel.de\/index.php?rest_route=\/wp\/v2\/users\/1"}],"replies":[{"embeddable":true,"href":"http:\/\/annemuenzel.de\/index.php?rest_route=%2Fwp%2Fv2%2Fcomments&post=8"}],"version-history":[{"count":39,"href":"http:\/\/annemuenzel.de\/index.php?rest_route=\/wp\/v2\/pages\/8\/revisions"}],"predecessor-version":[{"id":264,"href":"http:\/\/annemuenzel.de\/index.php?rest_route=\/wp\/v2\/pages\/8\/revisions\/264"}],"wp:attachment":[{"href":"http:\/\/annemuenzel.de\/index.php?rest_route=%2Fwp%2Fv2%2Fmedia&parent=8"}],"curies":[{"name":"wp","href":"https:\/\/api.w.org\/{rel}","templated":true}]}}